{"id":1181,"date":"2018-10-09T10:10:52","date_gmt":"2018-10-09T09:10:52","guid":{"rendered":"https:\/\/sassfrance.fr\/?page_id=1181"},"modified":"2026-01-25T13:51:47","modified_gmt":"2026-01-25T12:51:47","slug":"resultats","status":"publish","type":"page","link":"https:\/\/sassfrance.fr\/index.php\/resultats\/","title":{"rendered":"R\u00e9sultats"},"content":{"rendered":"<h3><a href=\"https:\/\/sassfrance.fr\/index.php\/resultats\/resultats-2026\/\"><span style=\"font-family: 'arial black', 'avant garde'; font-size: 22px; color: #0000ff;\">&#8211; R\u00e9sultats 2026<\/span><\/a><\/h3>\n<h3><\/h3>\n<h3><span style=\"color: #0000ff;\"><a style=\"color: #0000ff;\" href=\"https:\/\/sassfrance.fr\/index.php\/resultats\/resultats-2025\/\"><span style=\"font-family: 'arial black', 'avant garde'; font-size: 22px;\">&#8211; Resultats 2025<\/span><\/a><\/span><\/h3>\n<h3><span style=\"color: #0000ff; font-family: 'arial black', 'avant garde'; font-size: 22px;\">&#8211; <a style=\"color: #0000ff;\" href=\"https:\/\/sassfrance.fr\/index.php\/resultats\/resultats-2024\/\">R\u00e9sultats 2024<\/a><\/span><\/h3>\n<h3><span style=\"color: #0000ff; font-family: 'arial black', 'avant garde'; font-size: 22px;\">&#8211; <a style=\"color: #0000ff;\" href=\"https:\/\/sassfrance.fr\/index.php\/resultats\/resultats-2023\/\">R\u00e9sultats 2023<\/a><\/span><\/h3>\n<h3><span style=\"color: #0000ff; font-family: 'arial black', 'avant garde'; font-size: 22px;\">&#8211; <a style=\"color: #0000ff;\" href=\"https:\/\/sassfrance.fr\/index.php\/resultats\/resultats-2022\/\">R\u00e9sultats 2022<\/a><\/span><\/h3>\n<h3><\/h3>\n<h3><span style=\"color: #0000ff; font-family: 'arial black', 'avant garde'; font-size: 22px;\"><a style=\"color: #0000ff;\" href=\"https:\/\/sassfrance.fr\/index.php\/resultats\/resultats-2021\/\">&#8211; R\u00e9sultats 2021<\/a><\/span><\/h3>\n<h3><\/h3>\n<h3><span style=\"color: #0000ff; font-family: 'arial black', 'avant garde'; font-size: 22px;\"><a style=\"color: #0000ff;\" href=\"https:\/\/sassfrance.fr\/index.php\/resultats\/resultats-2020\/\">&#8211; R\u00e9sultats 2020<\/a><\/span><\/h3>\n<h3><\/h3>\n<h3><span style=\"color: #0000ff; font-family: 'arial black', 'avant garde'; font-size: 22px;\"><a style=\"color: #0000ff;\" href=\"https:\/\/sassfrance.fr\/index.php\/resultats\/resultats-2019\/\">&#8211; R\u00e9sultats 2019<\/a><\/span><\/h3>\n<h3><\/h3>\n<h3><span style=\"color: #0000ff; font-family: 'arial black', 'avant garde'; font-size: 22px;\">&#8211; <a style=\"color: #0000ff;\" href=\"https:\/\/sassfrance.fr\/index.php\/resultats\/results\/\">R\u00e9sultats <span style=\"color: #0000ff;\">2018<\/span><\/a><\/span><\/h3>\n<h3><\/h3>\n<h3><span style=\"color: #0000ff; font-family: 'arial black', 'avant garde'; font-size: 22px;\"><a style=\"color: #0000ff;\" href=\"https:\/\/sassfrance.fr\/index.php\/resultats\/results\/resultats-archives\/\">&#8211; Archives<\/a><\/span><\/h3>\n","protected":false},"excerpt":{"rendered":"<p>&#8211; R\u00e9sultats 2026 &#8211; Resultats 2025 &#8211; R\u00e9sultats 2024 &#8211; R\u00e9sultats 2023 &#8211; R\u00e9sultats 2022 &#8211; R\u00e9sultats 2021 &#8211; R\u00e9sultats 2020 &#8211; R\u00e9sultats 2019 &#8211; R\u00e9sultats 2018 &#8211; Archives<\/p>\n","protected":false},"author":1,"featured_media":0,"parent":0,"menu_order":0,"comment_status":"closed","ping_status":"closed","template":"","meta":{"footnotes":""},"class_list":["post-1181","page","type-page","status-publish","hentry"],"_links":{"self":[{"href":"https:\/\/sassfrance.fr\/index.php\/wp-json\/wp\/v2\/pages\/1181","targetHints":{"allow":["GET"]}}],"collection":[{"href":"https:\/\/sassfrance.fr\/index.php\/wp-json\/wp\/v2\/pages"}],"about":[{"href":"https:\/\/sassfrance.fr\/index.php\/wp-json\/wp\/v2\/types\/page"}],"author":[{"embeddable":true,"href":"https:\/\/sassfrance.fr\/index.php\/wp-json\/wp\/v2\/users\/1"}],"replies":[{"embeddable":true,"href":"https:\/\/sassfrance.fr\/index.php\/wp-json\/wp\/v2\/comments?post=1181"}],"version-history":[{"count":16,"href":"https:\/\/sassfrance.fr\/index.php\/wp-json\/wp\/v2\/pages\/1181\/revisions"}],"predecessor-version":[{"id":5161,"href":"https:\/\/sassfrance.fr\/index.php\/wp-json\/wp\/v2\/pages\/1181\/revisions\/5161"}],"wp:attachment":[{"href":"https:\/\/sassfrance.fr\/index.php\/wp-json\/wp\/v2\/media?parent=1181"}],"curies":[{"name":"wp","href":"https:\/\/api.w.org\/{rel}","templated":true}]}}