{"id":3574,"date":"2023-02-08T16:46:51","date_gmt":"2023-02-08T15:46:51","guid":{"rendered":"https:\/\/sassfrance.fr\/?page_id=3574"},"modified":"2026-03-11T13:08:07","modified_gmt":"2026-03-11T12:08:07","slug":"formation-roanne","status":"publish","type":"page","link":"https:\/\/sassfrance.fr\/index.php\/formation\/formation-roanne\/","title":{"rendered":"Formation ROBS &#8211; Module CAS &amp; WB"},"content":{"rendered":"<div id=\"pl-gb3574-69e28c21b3465\"  class=\"panel-layout wp-block-siteorigin-panels-layout-block\" ><div id=\"pg-gb3574-69e28c21b3465-0\"  class=\"panel-grid panel-no-style\" ><div id=\"pgc-gb3574-69e28c21b3465-0-0\"  class=\"panel-grid-cell\" ><div id=\"panel-gb3574-69e28c21b3465-0-0-0\" class=\"so-panel widget widget_sow-editor panel-first-child panel-last-child\" data-index=\"0\" ><div\n\t\t\t\n\t\t\tclass=\"so-widget-sow-editor so-widget-sow-editor-base\"\n\t\t\t\n\t\t>\n<div class=\"siteorigin-widget-tinymce textwidget\">\n\t<p><span style=\"color: #ff0000;\"><em><strong><span style=\"font-size: 18px;\">Les formations Range Officer Niveau 1 et Range Officer Niveau 2 ne sont plus d&#8217;actualit\u00e9s.<\/span><\/strong><\/em><\/span><\/p>\n<p><em><strong><span style=\"font-size: 18px;\">Les dipl\u00f4mes ROI et ROII obtenus jusqu&#8217;en 2024 EXPIRENT tous le 31 DECEMBRE 2026.<\/span><\/strong><\/em><\/p>\n<p><span style=\"font-size: 18px;\">Il sera donc indispensable pour TOUS les SASS Range Officier de se mettre \u00e0 jour en suivant le nouveau cursus de Formation SASS.<\/span><\/p>\n<p><span style=\"font-size: 18px;\">Les nouveaux cursus de formation Range Officier ( RO ) SASS &#8211; US comprennent 3 cours :\u00a0<\/span><\/p>\n<p><span style=\"font-size: 18px;\"><em><strong>ROBS (Range Operation Basic Safety Course) <\/strong><\/em><\/span><\/p>\n<ul>\n<li><span style=\"font-size: 18px;\">Cours de Base permettant de v\u00e9rifier les connaissances de base du candidat.<\/span><\/li>\n<li><span style=\"font-size: 18px;\">C&#8217;est le tronc commun qui permet ensuite d&#8217;acc\u00e9der aux cours des modules :<\/span>\n<ul>\n<li><span style=\"font-size: 18px;\">Cowboy Action Shooting (TWS 1873)<\/span><\/li>\n<li><span style=\"font-size: 18px;\">Wild Bunch Action Shooting. (TWS 1911)<\/span><\/li>\n<\/ul>\n<\/li>\n<\/ul>\n<p><span style=\"font-size: 18px;\"><em><strong>CAS RO ( Cowboy Action Shooting Range Operation Course )<\/strong><\/em><\/span><\/p>\n<ul>\n<li><span style=\"font-size: 18px;\">Cours sp\u00e9cifique concernant les op\u00e9ration sur le range li\u00e9es au Cowboy Action Shooting.<\/span><\/li>\n<\/ul>\n<p><span style=\"font-size: 18px;\"><em><strong>WB RO ( Wild Bunch Action Shooting Range Operation Course )<\/strong><\/em><\/span><\/p>\n<ul>\n<li><span style=\"font-size: 18px;\"><span style=\"font-size: 18px;\">Cours sp\u00e9cifique concernant les op\u00e9ration sur le range li\u00e9es au Wild Bunch Action Shooting.<\/span><\/span><br \/>\n<hr \/>\n<\/li>\n<\/ul>\n<p><span style=\"font-size: 18px;\"><em><strong>Les formations seront faites sur deux jours en comprenant :\u00a0<\/strong><\/em><\/span><\/p>\n<ul>\n<li><span style=\"font-size: 18px;\"><strong>ROBS + Module CAS<\/strong><\/span><\/li>\n<li><span style=\"font-size: 18px;\"><strong>ROBS + Module WB<\/strong><\/span><\/li>\n<\/ul>\n<p><em><strong><span style=\"font-size: large;\">Pour les nouveaux tireurs ne remplissant pas les conditions afin de passer le Module CAS ou WB, \u00a0il sera possible de ne faire qu&#8217;une formation ROBS. <\/span><\/strong><\/em><\/p>\n<p><span style=\"font-size: 18px;\"><em><strong>Pour les tireurs ayant d\u00e9j\u00e0 <\/strong><\/em><\/span><span style=\"font-size: large;\"><b><i>effectu\u00e9 une formation compl\u00e8te depuis moins d&#8217;un an, il sera possible de passer le Module CAS ou WB uniquement.<\/i><\/b><\/span><\/p>\n<\/div>\n<\/div><\/div><\/div><\/div><div id=\"pg-gb3574-69e28c21b3465-1\"  class=\"panel-grid panel-no-style\" ><div id=\"pgc-gb3574-69e28c21b3465-1-0\"  class=\"panel-grid-cell\" ><div id=\"panel-gb3574-69e28c21b3465-1-0-0\" class=\"so-panel widget widget_sow-editor panel-first-child panel-last-child\" data-index=\"1\" ><div\n\t\t\t\n\t\t\tclass=\"so-widget-sow-editor so-widget-sow-editor-base\"\n\t\t\t\n\t\t>\n<div class=\"siteorigin-widget-tinymce textwidget\">\n\t<h3><span style=\"font-family: 'arial black', 'avant garde';\">FORMATION ROBS : Range Operation Basic SAFETY COURSE.<\/span><\/h3>\n<ul>\n<li style=\"list-style-type: none;\">\n<ul>\n<li><span style=\"font-size: 14pt;\">Pr\u00e9-Requis :<\/span>\n<ul>\n<li><strong><span style=\"font-size: 14pt; color: #ff0000;\">Etre SASS Life Member ou \u00e0 jour de sa cotisation SASS<\/span><\/strong><\/li>\n<li><strong><span style=\"font-size: 14pt; color: #ff0000;\">Etre \u00e0 jour de sa cotisation SASS-France<\/span><\/strong><\/li>\n<li><span style=\"font-size: 14pt;\">Avoir pratiqu\u00e9 le CAS en Club depuis au minimum 6 mois<\/span><span style=\"font-size: 14pt;\"> sous la supervision directe d&#8217;un RO<\/span><\/li>\n<\/ul>\n<\/li>\n<li><span style=\"font-size: 14pt;\">D\u00e9roulement :\u00a0<\/span>\n<ul>\n<li><span style=\"font-size: 14pt;\">Partie Th\u00e9orique : 9:00 &#8211; 12:30<\/span><\/li>\n<li><span style=\"font-size: 14pt;\">Partie Pratique : 14:00 &#8211; 16:00<\/span><\/li>\n<li><span style=\"font-size: 14pt;\">Partie Th\u00e9orique : 16:00 &#8211; 17:30<\/span><\/li>\n<li><span style=\"font-size: 14pt;\">Test : 17:30 &#8211; 18:00<\/span><\/li>\n<\/ul>\n<\/li>\n<li><span style=\"font-size: 14pt;\">Cout : 35 Euros<\/span><\/li>\n<\/ul>\n<\/li>\n<\/ul>\n<p style=\"text-align: center;\">&#8212;&#8212;&#8212;&#8212;&#8212;&#8212;&#8212;&#8212;&#8212;&#8212;&#8212;&#8212;&#8211;<\/p>\n<\/div>\n<\/div><\/div><\/div><\/div><div id=\"pg-gb3574-69e28c21b3465-2\"  class=\"panel-grid panel-no-style\" ><div id=\"pgc-gb3574-69e28c21b3465-2-0\"  class=\"panel-grid-cell\" ><div id=\"panel-gb3574-69e28c21b3465-2-0-0\" class=\"so-panel widget widget_sow-editor panel-first-child panel-last-child\" data-index=\"2\" ><div\n\t\t\t\n\t\t\tclass=\"so-widget-sow-editor so-widget-sow-editor-base\"\n\t\t\t\n\t\t>\n<div class=\"siteorigin-widget-tinymce textwidget\">\n\t<h3><span style=\"font-family: 'arial black', 'avant garde';\">FORMATION RO : Module C.A.S. :<\/span><\/h3>\n<ul>\n<li style=\"list-style-type: none;\">\n<ul>\n<li><span style=\"font-size: 18px;\">Pr\u00e9-Requis :<\/span>\n<ul>\n<li><span style=\"color: #ff0000; font-size: 18px;\"><strong>Etre SASS Life Member ou \u00e0 jour de sa cotisation SASS<\/strong><\/span><\/li>\n<li><strong><span style=\"font-size: 14pt; color: #ff0000;\">Etre \u00e0 jour de sa cotisation SASS-France<\/span><\/strong><\/li>\n<li><span style=\"font-size: 18px;\">Pratiquer le CAS depuis au minimum 12 Mois.<\/span><\/li>\n<li><span style=\"font-size: 18px;\">Avoir pass\u00e9 la formation ROBS.<\/span><\/li>\n<li><span style=\"font-size: 18px;\">Avoir particip\u00e9 au minimum \u00e0 2 Concours dont 1 National ou International<\/span><\/li>\n<\/ul>\n<\/li>\n<li><span style=\"font-size: 18px;\">D\u00e9roulement :\u00a0<\/span>\n<ul>\n<li><span style=\"font-size: 18px;\">Partie Th\u00e9orique : 9:00 &#8211; 12:30<\/span><\/li>\n<li><span style=\"font-size: 18px;\">Partie Pratique : 14:00 &#8211; 17:00<\/span><\/li>\n<li><span style=\"font-size: 18px;\">Test : 17:00 &#8211; 17:30<\/span><\/li>\n<\/ul>\n<\/li>\n<li><span style=\"font-size: 18px;\">Cout : 35 Euros<\/span><\/li>\n<\/ul>\n<\/li>\n<\/ul>\n<p style=\"text-align: center;\">&#8212;&#8212;&#8212;&#8212;&#8212;&#8212;&#8212;&#8212;&#8212;&#8212;&#8212;&#8212;&#8211;<\/p>\n<\/div>\n<\/div><\/div><\/div><\/div><div id=\"pg-gb3574-69e28c21b3465-3\"  class=\"panel-grid panel-no-style\" ><div id=\"pgc-gb3574-69e28c21b3465-3-0\"  class=\"panel-grid-cell\" ><div id=\"panel-gb3574-69e28c21b3465-3-0-0\" class=\"so-panel widget widget_sow-editor panel-first-child\" data-index=\"3\" ><div\n\t\t\t\n\t\t\tclass=\"so-widget-sow-editor so-widget-sow-editor-base\"\n\t\t\t\n\t\t>\n<div class=\"siteorigin-widget-tinymce textwidget\">\n\t<h3><span style=\"font-family: 'arial black', 'avant garde';\">FORMATION RO &#8211; Module W.B. :<\/span><\/h3>\n<ul>\n<li style=\"list-style-type: none;\">\n<ul>\n<li><span style=\"font-size: 14pt;\">Pr\u00e9-Requis :<\/span>\n<ul>\n<li><span style=\"color: #ff0000;\"><strong><span style=\"font-size: 14pt;\">Etre SASS Life Member ou \u00e0 jour de sa cotisation SASS<\/span><\/strong><\/span><\/li>\n<li><strong><span style=\"font-size: 14pt; color: #ff0000;\">Etre \u00e0 jour de sa cotisation SASS-France<\/span><\/strong><\/li>\n<li><span style=\"font-size: 14pt;\">Avoir pass\u00e9 la formation ROBS.<\/span><\/li>\n<li><span style=\"font-size: 14pt;\">Avoir pratiquer le Wild Bunch depuis plus de 12 mois en Club<\/span><\/li>\n<li><span style=\"font-size: 14pt;\">Avoir particip\u00e9 au minimum \u00e0 2 Concours dont 1 National ou International.<\/span><\/li>\n<\/ul>\n<\/li>\n<li><span style=\"font-size: 14pt;\">D\u00e9roulement :\u00a0<\/span>\n<ul>\n<li><span style=\"font-size: 14pt;\">Partie Th\u00e9orique : 9:00 &#8211; 12:30<\/span><\/li>\n<li><span style=\"font-size: 14pt;\">Partie Pratique : 14:00 &#8211; 17:00<\/span><\/li>\n<li><span style=\"font-size: 14pt;\">Test : 16:00 &#8211; 17:00<\/span><\/li>\n<\/ul>\n<\/li>\n<li><span style=\"font-size: 14pt;\">Cout : 35 Euros<\/span><\/li>\n<\/ul>\n<\/li>\n<\/ul>\n<p style=\"text-align: center;\">&#8212;&#8212;&#8212;&#8212;&#8212;&#8212;&#8212;&#8212;&#8212;&#8212;&#8212;&#8212;&#8211;<\/p>\n<p>&nbsp;<\/p>\n<\/div>\n<\/div><\/div><div id=\"panel-gb3574-69e28c21b3465-3-0-1\" class=\"so-panel widget widget_sow-editor panel-last-child\" data-index=\"4\" ><div\n\t\t\t\n\t\t\tclass=\"so-widget-sow-editor so-widget-sow-editor-base\"\n\t\t\t\n\t\t>\n<div class=\"siteorigin-widget-tinymce textwidget\">\n\t<h3><a href=\"https:\/\/sassfrance.fr\/index.php\/formation\/formation-roanne\/enregistrement-formation-roii\/\"><span style=\"font-family: 'arial black', 'avant garde'; color: #0000ff;\">S&#8217;INSCRIRE \u00c0 UNE FORMATION &#8230;..\u00a0<\/span><\/a><\/h3>\n<p>&nbsp;<\/p>\n<h3><a href=\"https:\/\/sassfrance.fr\/index.php\/formation\/participants-aux-formations\/\"><span style=\"font-family: 'arial black', 'avant garde'; color: #0000ff;\">LES INSCRITS &#8230;..\u00a0<\/span><\/a><\/h3>\n<ul>\n<li style=\"list-style-type: none;\"><\/li>\n<\/ul>\n<p>&nbsp;<\/p>\n<\/div>\n<\/div><\/div><\/div><\/div><\/div>\n\n\n<p><\/p>\n","protected":false},"excerpt":{"rendered":"<p>Les formations Range Officer Niveau 1 et Range Officer Niveau 2 ne sont plus d&#8217;actualit\u00e9s. Les dipl\u00f4mes ROI et ROII obtenus jusqu&#8217;en 2024 EXPIRENT tous le 31 DECEMBRE 2026. Il &hellip; <a class=\"readmore\" href=\"https:\/\/sassfrance.fr\/index.php\/formation\/formation-roanne\/\">Continue Reading &amp;amp;amp;amp;amp;amp;rarr;<\/a><\/p>\n","protected":false},"author":1,"featured_media":0,"parent":3560,"menu_order":0,"comment_status":"closed","ping_status":"closed","template":"","meta":{"footnotes":""},"class_list":["post-3574","page","type-page","status-publish","hentry"],"_links":{"self":[{"href":"https:\/\/sassfrance.fr\/index.php\/wp-json\/wp\/v2\/pages\/3574","targetHints":{"allow":["GET"]}}],"collection":[{"href":"https:\/\/sassfrance.fr\/index.php\/wp-json\/wp\/v2\/pages"}],"about":[{"href":"https:\/\/sassfrance.fr\/index.php\/wp-json\/wp\/v2\/types\/page"}],"author":[{"embeddable":true,"href":"https:\/\/sassfrance.fr\/index.php\/wp-json\/wp\/v2\/users\/1"}],"replies":[{"embeddable":true,"href":"https:\/\/sassfrance.fr\/index.php\/wp-json\/wp\/v2\/comments?post=3574"}],"version-history":[{"count":66,"href":"https:\/\/sassfrance.fr\/index.php\/wp-json\/wp\/v2\/pages\/3574\/revisions"}],"predecessor-version":[{"id":5343,"href":"https:\/\/sassfrance.fr\/index.php\/wp-json\/wp\/v2\/pages\/3574\/revisions\/5343"}],"up":[{"embeddable":true,"href":"https:\/\/sassfrance.fr\/index.php\/wp-json\/wp\/v2\/pages\/3560"}],"wp:attachment":[{"href":"https:\/\/sassfrance.fr\/index.php\/wp-json\/wp\/v2\/media?parent=3574"}],"curies":[{"name":"wp","href":"https:\/\/api.w.org\/{rel}","templated":true}]}}