{"id":4062,"date":"2024-06-30T17:16:00","date_gmt":"2024-06-30T16:16:00","guid":{"rendered":"https:\/\/sassfrance.fr\/?page_id=4062"},"modified":"2024-08-27T10:55:37","modified_gmt":"2024-08-27T09:55:37","slug":"resultats-days-of-fire-2024","status":"publish","type":"page","link":"https:\/\/sassfrance.fr\/index.php\/resultats\/resultats-2024\/resultats-days-of-fire-2024\/","title":{"rendered":"R\u00e9sultats Days of Fire 2024"},"content":{"rendered":"<div id=\"pl-gb4062-69f2f3efd0b37\"  class=\"panel-layout\" ><div id=\"pg-gb4062-69f2f3efd0b37-0\"  class=\"panel-grid panel-no-style\" ><div id=\"pgc-gb4062-69f2f3efd0b37-0-0\"  class=\"panel-grid-cell\" ><div id=\"panel-gb4062-69f2f3efd0b37-0-0-0\" class=\"so-panel widget widget_sow-editor panel-first-child panel-last-child\" data-index=\"0\" ><div\n\t\t\t\n\t\t\tclass=\"so-widget-sow-editor so-widget-sow-editor-base\"\n\t\t\t\n\t\t>\n<div class=\"siteorigin-widget-tinymce textwidget\">\n\t<ul>\n<li><a href=\"https:\/\/sassfrance.fr\/index.php\/download\/2024-dof-overalldetails_men\/?wpdmdl=4058&amp;masterkey=jS2XT5mAOQeIKEko2kZ7x6RzJkdF2WgHvJsKkhT9jAtKfvYjSgOEXKcDqp8NY905L_hG22PRsyOlEIc7PmF-weVOvkuuoVSbklUWkRHeClI\"><strong><span style=\"color: #0000ff; font-size: large;\">Main Match &#8211;\u00a0<\/span><span style=\"color: #0000ff; font-size: large;\"><span style=\"caret-color: #0000ff;\">R\u00e9sultats Overall Men<\/span><\/span><\/strong><\/a><\/li>\n<li><a href=\"https:\/\/sassfrance.fr\/index.php\/download\/2024-dof-overalldetails_women\/?wpdmdl=4067&amp;masterkey=XhKAYacP13wmJYl9hY2AXyFDrOLQO6MPGeiBOiKLkJF4AM87VblKUDedZXGNoAbXZwQ5GnpoTCwQVpx6slukC013aleJkuQsv2uwfe9b6dY\"><strong><span style=\"color: #0000ff; font-size: large;\">Main Match &#8211;\u00a0<\/span><span style=\"color: #0000ff; font-size: large;\"><span style=\"caret-color: #0000ff;\">R\u00e9sultats Overall Women<\/span><\/span><\/strong><\/a><\/li>\n<li><a href=\"https:\/\/sassfrance.fr\/index.php\/download\/2024-dof-categories\/?wpdmdl=4056&amp;masterkey=qzy4isra6eMb59p-DSwig-i1NtSiky_Pz1VWOTHjpTmsY5XrBRL4vSZur_Kmjia1JJ31BXwktyadrDQpm3Kf1SkOiZgxeAM4SZU6HibQUDE\"><strong><span style=\"color: #0000ff; font-size: large;\">Main Match &#8211;\u00a0<\/span><\/strong><span style=\"color: #0000ff; font-size: large;\"><span style=\"caret-color: #0000ff;\"><b>R\u00e9sultats\u00a0Cat\u00e9gorie<\/b><\/span><\/span><\/a><\/li>\n<li><a href=\"https:\/\/sassfrance.fr\/index.php\/download\/2024-dof-resultats-by-stage\/?wpdmdl=4068&amp;masterkey=9DXH0Zc7hTDJkf2qGohy26InM4NaSQzlpgv7ub3-yE8rVEpBPYkgz7sIWJmzSPVJFAWbJYjMou4EaGE0QXyxMeG_gwAtWRBCcwccAdtYF5g\"><strong><span style=\"color: #0000ff; font-size: large;\">Main Match &#8211;\u00a0<\/span><span style=\"color: #0000ff; font-size: large;\"><span style=\"caret-color: #0000ff;\">R\u00e9sultats By Stage<\/span><\/span><\/strong><\/a><\/li>\n<li><a href=\"https:\/\/sassfrance.fr\/index.php\/download\/2024-dof-wb-overalldetails\/?wpdmdl=4085&amp;masterkey=pJkpU3f-4KEvsXgc0ISbeTK_PFmkIYA_MJZAaTmZDK-XDfRSE3whxQ8o9NaJ3XDN6HeLyuod1-Ds-VZF1PUMBDFAI8ml-qulp3Yb7GK_csU\"><strong><span style=\"color: #0000ff; font-size: large;\">Wild Bunch &#8211;\u00a0<\/span><\/strong><span style=\"color: #0000ff; font-size: large;\"><span style=\"caret-color: #0000ff;\"><b>R\u00e9sultats Overall<\/b><\/span><\/span><\/a><\/li>\n<li><a href=\"https:\/\/sassfrance.fr\/index.php\/download\/2024-dof-wb-categories\/?wpdmdl=4084&amp;masterkey=97is_powuEHE59JSAk3gsvHHbDEy_22mI0JzMqxxc4RoqpEw7E7hA0Dp9iCoF1hlrA2Wryhd9InMYcdv2MSyk46zk1IGbNuH53h4BG59tAM\"><strong><span style=\"color: #0000ff; font-size: large;\">Wild Bunch &#8211; R\u00e9sultats Cat\u00e9gories<\/span><\/strong><\/a><\/li>\n<li><a href=\"https:\/\/sassfrance.fr\/index.php\/download\/2024-dof-long-range\/?wpdmdl=4082&amp;masterkey=anKkdjDE8CEHgYrW1eNd9WKA7SSoe6MXJxvFReTu5lk3V7S709LjN0RcWwWjzhLPX5AxFOsNLPoyHTqTiQ_9MMVmrE8GWOB1J5r0GMi77fA\"><strong><span style=\"color: #0000ff; font-size: large;\">Long Range &#8211; R\u00e9sultats<\/span><\/strong><\/a><\/li>\n<li><a href=\"https:\/\/sassfrance.fr\/index.php\/download\/2024-dof-speed-matches\/?wpdmdl=4083&amp;masterkey=VcBZD47veejwCEhga4g1HF1B7C3Qb23klwJr9kIdKljmjcaOVe9I3j_0MeMzFDKK8I5joVKVrcwn4w1bn0yav28kW_SE1tzPsuvMlmIebGE\"><strong><span style=\"color: #0000ff; font-size: large;\">Speed Matches &#8211; R\u00e9sultats<\/span><\/strong><\/a><\/li>\n<\/ul>\n<p>&nbsp;<\/p>\n<p>&nbsp;<\/p>\n<p>&nbsp;<\/p>\n<p>&nbsp;<\/p>\n<p>&nbsp;<\/p>\n<\/div>\n<\/div><\/div><\/div><\/div><\/div>","protected":false},"excerpt":{"rendered":"<p>Main Match &#8211;\u00a0R\u00e9sultats Overall Men Main Match &#8211;\u00a0R\u00e9sultats Overall Women Main Match &#8211;\u00a0R\u00e9sultats\u00a0Cat\u00e9gorie Main Match &#8211;\u00a0R\u00e9sultats By Stage Wild Bunch &#8211;\u00a0R\u00e9sultats Overall Wild Bunch &#8211; R\u00e9sultats Cat\u00e9gories Long Range &#8211; &hellip; <a class=\"readmore\" href=\"https:\/\/sassfrance.fr\/index.php\/resultats\/resultats-2024\/resultats-days-of-fire-2024\/\">Continue Reading &amp;amp;amp;amp;amp;amp;rarr;<\/a><\/p>\n","protected":false},"author":1,"featured_media":0,"parent":3924,"menu_order":0,"comment_status":"closed","ping_status":"closed","template":"","meta":{"footnotes":""},"class_list":["post-4062","page","type-page","status-publish","hentry"],"_links":{"self":[{"href":"https:\/\/sassfrance.fr\/index.php\/wp-json\/wp\/v2\/pages\/4062","targetHints":{"allow":["GET"]}}],"collection":[{"href":"https:\/\/sassfrance.fr\/index.php\/wp-json\/wp\/v2\/pages"}],"about":[{"href":"https:\/\/sassfrance.fr\/index.php\/wp-json\/wp\/v2\/types\/page"}],"author":[{"embeddable":true,"href":"https:\/\/sassfrance.fr\/index.php\/wp-json\/wp\/v2\/users\/1"}],"replies":[{"embeddable":true,"href":"https:\/\/sassfrance.fr\/index.php\/wp-json\/wp\/v2\/comments?post=4062"}],"version-history":[{"count":17,"href":"https:\/\/sassfrance.fr\/index.php\/wp-json\/wp\/v2\/pages\/4062\/revisions"}],"predecessor-version":[{"id":4117,"href":"https:\/\/sassfrance.fr\/index.php\/wp-json\/wp\/v2\/pages\/4062\/revisions\/4117"}],"up":[{"embeddable":true,"href":"https:\/\/sassfrance.fr\/index.php\/wp-json\/wp\/v2\/pages\/3924"}],"wp:attachment":[{"href":"https:\/\/sassfrance.fr\/index.php\/wp-json\/wp\/v2\/media?parent=4062"}],"curies":[{"name":"wp","href":"https:\/\/api.w.org\/{rel}","templated":true}]}}