{"id":4291,"date":"2025-01-12T21:47:23","date_gmt":"2025-01-12T20:47:23","guid":{"rendered":"https:\/\/sassfrance.fr\/?page_id=4291"},"modified":"2025-05-22T15:52:22","modified_gmt":"2025-05-22T14:52:22","slug":"inscription-sass-france","status":"publish","type":"page","link":"https:\/\/sassfrance.fr\/index.php\/informations\/inscription-sass-france\/","title":{"rendered":"Inscription SASS-France"},"content":{"rendered":"<div id=\"pl-gb4291-69e21cabdff23\"  class=\"panel-layout\" ><div id=\"pg-gb4291-69e21cabdff23-0\"  class=\"panel-grid panel-no-style\" ><div id=\"pgc-gb4291-69e21cabdff23-0-0\"  class=\"panel-grid-cell\" ><div id=\"panel-gb4291-69e21cabdff23-0-0-0\" class=\"so-panel widget widget_sow-editor panel-first-child panel-last-child\" data-index=\"0\" ><div\n\t\t\t\n\t\t\tclass=\"so-widget-sow-editor so-widget-sow-editor-base\"\n\t\t\t\n\t\t>\n<div class=\"siteorigin-widget-tinymce textwidget\">\n\t<p><span style=\"font-size: 18px;\">Vous souhaitez nous rejoindre et vous inscrire \u00e0 la SASS France et\/ou SASS USA ?<\/span><\/p>\n<p><span style=\"font-size: 18px;\">&#8212;- Alors Bienvenue parmi nous &#8212;-<\/span><\/p>\n<p><span style=\"font-size: 18px;\">Vous pouvez vous inscrire :<\/span><br \/>\n<span style=\"font-size: 18px;\">&#8211; Soit en ligne.<\/span><br \/>\n<span style=\"font-size: 18px;\">&#8211; Soit en remplissant le formulaire d&#8217;inscription \u00e0 t\u00e9l\u00e9charger ci-dessous.<\/span><\/p>\n<p><span style=\"font-size: 18px;\">Le r\u00e8glement se fera :<\/span><br \/>\n<span style=\"font-size: 18px;\">&#8211; Soit par ch\u00e8que.<\/span><br \/>\n<span style=\"font-size: 18px;\">&#8211; Soit par virement bancaire.<\/span><\/p>\n<p><span style=\"font-size: 18px;\">Les informations compl\u00e9mentaires vous sont communiqu\u00e9es<\/span><br \/>\n<span style=\"font-size: 18px;\">&#8211; soit dans le Mail d&#8217;inscription<\/span><br \/>\n<span style=\"font-size: 18px;\">&#8211; Soit dans les documents que vous t\u00e9l\u00e9charg\u00e9.<\/span><\/p>\n<p><strong><span style=\"color: #0000ff;\"><a style=\"color: #0000ff;\" href=\"https:\/\/sassfrance.fr\/index.php\/download\/sass-france-inscription\/?wpdmdl=4329&amp;masterkey=GI_r-uLM6ilBZREYkCgU392ORghslSzNdmFRaohqkvxWUnzT9yG4n4p-N_iuoKYakvx0EuxDeT2aTgyVL8H6xV7QNX7T7upNrT036wKlWdQ\"><span style=\"font-size: 18px;\">Je t\u00e9l\u00e9charge le Formulaire d&#8217;inscription.<\/span><\/a><\/span><\/strong><\/p>\n<p><span style=\"color: #0000ff;\"><strong><a style=\"color: #0000ff;\" href=\"https:\/\/sassfrance.fr\/index.php\/enregistrement-inscription-sass-france\/\"><span style=\"font-size: 18px;\">Je m&#8217;inscris en ligne.<\/span><\/a><\/strong><\/span><\/p>\n<\/div>\n<\/div><\/div><\/div><\/div><\/div>","protected":false},"excerpt":{"rendered":"<p>Vous souhaitez nous rejoindre et vous inscrire \u00e0 la SASS France et\/ou SASS USA ? &#8212;- Alors Bienvenue parmi nous &#8212;- Vous pouvez vous inscrire : &#8211; Soit en ligne. &hellip; <a class=\"readmore\" href=\"https:\/\/sassfrance.fr\/index.php\/informations\/inscription-sass-france\/\">Continue Reading &amp;amp;amp;amp;amp;amp;rarr;<\/a><\/p>\n","protected":false},"author":1,"featured_media":0,"parent":4333,"menu_order":0,"comment_status":"closed","ping_status":"closed","template":"","meta":{"footnotes":""},"class_list":["post-4291","page","type-page","status-publish","hentry"],"_links":{"self":[{"href":"https:\/\/sassfrance.fr\/index.php\/wp-json\/wp\/v2\/pages\/4291","targetHints":{"allow":["GET"]}}],"collection":[{"href":"https:\/\/sassfrance.fr\/index.php\/wp-json\/wp\/v2\/pages"}],"about":[{"href":"https:\/\/sassfrance.fr\/index.php\/wp-json\/wp\/v2\/types\/page"}],"author":[{"embeddable":true,"href":"https:\/\/sassfrance.fr\/index.php\/wp-json\/wp\/v2\/users\/1"}],"replies":[{"embeddable":true,"href":"https:\/\/sassfrance.fr\/index.php\/wp-json\/wp\/v2\/comments?post=4291"}],"version-history":[{"count":8,"href":"https:\/\/sassfrance.fr\/index.php\/wp-json\/wp\/v2\/pages\/4291\/revisions"}],"predecessor-version":[{"id":4595,"href":"https:\/\/sassfrance.fr\/index.php\/wp-json\/wp\/v2\/pages\/4291\/revisions\/4595"}],"up":[{"embeddable":true,"href":"https:\/\/sassfrance.fr\/index.php\/wp-json\/wp\/v2\/pages\/4333"}],"wp:attachment":[{"href":"https:\/\/sassfrance.fr\/index.php\/wp-json\/wp\/v2\/media?parent=4291"}],"curies":[{"name":"wp","href":"https:\/\/api.w.org\/{rel}","templated":true}]}}