{"id":4333,"date":"2025-01-27T14:41:22","date_gmt":"2025-01-27T13:41:22","guid":{"rendered":"https:\/\/sassfrance.fr\/?page_id=4333"},"modified":"2025-04-05T19:01:53","modified_gmt":"2025-04-05T18:01:53","slug":"informations","status":"publish","type":"page","link":"https:\/\/sassfrance.fr\/index.php\/informations\/","title":{"rendered":"Informations"},"content":{"rendered":"<div id=\"pl-gb4333-69e6156f3f05e\"  class=\"panel-layout\" ><div id=\"pg-gb4333-69e6156f3f05e-0\"  class=\"panel-grid panel-no-style\" ><div id=\"pgc-gb4333-69e6156f3f05e-0-0\"  class=\"panel-grid-cell\" ><div id=\"panel-gb4333-69e6156f3f05e-0-0-0\" class=\"so-panel widget widget_sow-editor panel-first-child panel-last-child\" data-index=\"0\" ><div\n\t\t\t\n\t\t\tclass=\"so-widget-sow-editor so-widget-sow-editor-base\"\n\t\t\t\n\t\t>\n<div class=\"siteorigin-widget-tinymce textwidget\">\n\t<p style=\"font-weight: 400;\"><span style=\"font-size: 18px;\">L\u2019association SASS France est une association de loi 1901 dont le but est l\u2019information ainsi que la promotion et le d\u00e9veloppement au sein des organismes sportifs, des amateurs d&#8217;armes, des passionn\u00e9s de l&#8217;histoire de l&#8217;Ouest comme du Grand public en France, d&#8217;une discipline de tir sportif et de loisir \u00e0 connotation historique cr\u00e9\u00e9e aux USA et d\u00e9j\u00e0 largement pratiqu\u00e9e officiellement dans de nombreux pays et appel\u00e9e \u00ab Cowboy Action Shooting \u00bb<\/span><\/p>\n<p style=\"font-weight: 400;\"><span style=\"font-size: 18px;\">A ce litre l&#8217;association SASS France est adh\u00e9rente au C.A.S. Europe, regroupant les diff\u00e9rentes associations nationales de \u00ab Cowboy Action Shooting \u00bb Europ\u00e9ennes, elles m\u00eame li\u00e9es \u00e0 l&#8217;association Am\u00e9ricaine \u00ab Single Action Shooting Society \u00bb<\/span><\/p>\n<p style=\"font-weight: 400;\"><span style=\"font-size: 18px;\">Cette discipline se pratique obligatoirement en costumes (personnages du XIX\u00e9me si\u00e8cle, r\u00e9els ou imaginaires ou encore de films ou de s\u00e9ries t\u00e9l\u00e9vis\u00e9es western avec des armes am\u00e9ricaines du XIX\u00e8me si\u00e8cle ( d&#8217;origine ou reproduction) d&#8217;un mill\u00e9sime ant\u00e9rieur \u00e0 1900 : revolver \u00e0 simple action ( \u00e0 percussion ou cartouches m\u00e9talliques) carabines \u00e0 levier de sous garde ou \u00e0 armement par le devant et fusils de chasse \u00e0 un ou deux canon(s) lisse(s) en utilisant que des munitions analogues aux munitions d\u2019\u00e9poque (Plomb exclusivement)<\/span><\/p>\n<p style=\"font-weight: 400;\"><span style=\"font-size: 18px;\">Chaque membre doit aussi obligatoirement se choisir un pseudonyme ( alias ou aka) sous lequel il sera seul connu au sein de l&#8217;association lors de tous les aspects de la vie de celle-ci ainsi que lors des \u00e9preuves de tir.<\/span><\/p>\n<p style=\"font-weight: 400;\"><span style=\"font-size: 18px;\">Chaque pseudonyme est unique et appartient en propre \u00e0 la personne qui l&#8217;a d\u00e9pos\u00e9 et officiellement enregistr\u00e9.<\/span><\/p>\n<p style=\"font-weight: 400;\"><span style=\"font-size: 18px;\">Le \u00ab Cowboy Action Shooting \u00bb comporte plusieurs types d&#8217;\u00e9preuves de tir d&#8217;adresse et de vitesse sur cibles m\u00e9talliques fixes, basculantes ou r\u00e9actives \u00e0 partir de plusieurs postes de tir successifs et avec diff\u00e9rentes armes sur un parcours contre la montre pr\u00e9\u00e9tabli.<\/span><\/p>\n<p style=\"font-weight: 400;\"><span style=\"font-size: 18px;\">Le calcul des r\u00e9sultats s\u2019effectue \u00e0 partir du temps chronom\u00e9tr\u00e9 r\u00e9alis\u00e9 par le comp\u00e9titeur sur l&#8217;ensemble du parcours, moins d\u2019\u00e9ventuelles p\u00e9nalit\u00e9s pour chaque cible manqu\u00e9e ou autres infractions et\/ou erreur de parcours.<\/span><\/p>\n<p style=\"text-align: center;\">****<\/p>\n<hr \/>\n<hr \/>\n<h2>Inscription<\/h2>\n<p><span style=\"font-size: 17px;\">Vous souhaitez nous rejoindre ? &#8230;. Rien de plus facile.<\/span><\/p>\n<p>Rendez-vous sur notre page d&#8217;inscription<\/p>\n<p><a href=\"https:\/\/sassfrance.fr\/index.php\/enregistrement-inscription-sass-france\/\"><span style=\"color: #0000ff;\"><strong><span style=\"font-size: 24px;\">Inscription<\/span><\/strong><\/span><\/a><\/p>\n<p><span style=\"font-size: 17px;\">\u00a0OU <\/span><\/p>\n<p><span style=\"font-size: 17px;\">T\u00e9l\u00e9charger le document ci-dessous, et renvoyer le sign\u00e9, accompagn\u00e9 de votre r\u00e8glement.<\/span><\/p>\n<p><span style=\"font-size: 24px;\"><a href=\"https:\/\/sassfrance.fr\/index.php\/download\/sass-france-inscription\/?wpdmdl=4329&amp;masterkey=GI_r-uLM6ilBZREYkCgU392ORghslSzNdmFRaohqkvxWUnzT9yG4n4p-N_iuoKYakvx0EuxDeT2aTgyVL8H6xV7QNX7T7upNrT036wKlWdQ\"><span style=\"color: #0000ff;\"><strong>T\u00e9l\u00e9chargement<\/strong><\/span><\/a><\/span><\/p>\n<p style=\"text-align: center;\">****<\/p>\n<hr \/>\n<hr \/>\n<p><span style=\"font-size: 20px;\"><strong>Vous souhaitez nous contacter, veuillez remplir le formulaire de contact ci-dessous.<\/strong><\/span><\/p>\n<link rel='stylesheet' id='formidable-css' href='https:\/\/sassfrance.fr\/wp-content\/plugins\/formidable\/css\/formidableforms.css?ver=4161421' type='text\/css' media='all' \/>\n<div class=\"frm_forms  with_frm_style frm_style_style-lat\" id=\"frm_form_18_container\" >\n<form enctype=\"multipart\/form-data\" method=\"post\" class=\"frm-show-form  frm_pro_form \" id=\"form_contact2\" >\n<div class=\"frm_form_fields \">\n<fieldset>\n<legend class=\"frm_screen_reader\">Contactez-nous<\/legend>\r\n\r\n<div class=\"frm_fields_container\">\n<input type=\"hidden\" name=\"frm_action\" value=\"create\" \/>\n<input type=\"hidden\" name=\"form_id\" value=\"18\" \/>\n<input type=\"hidden\" name=\"frm_hide_fields_18\" id=\"frm_hide_fields_18\" value=\"\" \/>\n<input type=\"hidden\" name=\"form_key\" value=\"contact2\" \/>\n<input type=\"hidden\" name=\"item_meta[0]\" value=\"\" \/>\n<input type=\"hidden\" id=\"frm_submit_entry_18\" name=\"frm_submit_entry_18\" value=\"99f388944c\" \/><input type=\"hidden\" name=\"_wp_http_referer\" value=\"\/index.php\/wp-json\/wp\/v2\/pages\/4333\" \/><div id=\"frm_field_431_container\" class=\"frm_form_field form-field  frm_required_field frm_top_container frm_first frm_half\">\r\n    <label for=\"field_qh4icy4\" class=\"frm_primary_label\">Nom\r\n        <span class=\"frm_required\">*<\/span>\r\n    <\/label>\r\n    <input  type=\"text\" id=\"field_qh4icy4\" name=\"item_meta[431]\" value=\"\"  data-reqmsg=\"Ce champ ne peut pas \u00eatre vide - Field cannot be empty\" aria-required=\"true\" data-invmsg=\"Name is invalid\" aria-invalid=\"false\"   aria-describedby=\"frm_desc_field_qh4icy4\" \/>\r\n    <div class=\"frm_description\" id=\"frm_desc_field_qh4icy4\"> <\/div>\r\n    \r\n<\/div>\n<div id=\"frm_field_432_container\" class=\"frm_form_field form-field  frm_required_field frm_top_container frm_half\">\r\n    <label for=\"field_ocfup14\" class=\"frm_primary_label\">Prenom\r\n        <span class=\"frm_required\">*<\/span>\r\n    <\/label>\r\n    <input  type=\"text\" id=\"field_ocfup14\" name=\"item_meta[432]\" value=\"\"  data-reqmsg=\"Ce champ ne peut pas \u00eatre vide - Field cannot be empty\" aria-required=\"true\" data-invmsg=\"Last is invalid\" aria-invalid=\"false\"   aria-describedby=\"frm_desc_field_ocfup14\" \/>\r\n    <div class=\"frm_description\" id=\"frm_desc_field_ocfup14\"> <\/div>\r\n    \r\n<\/div>\n<div id=\"frm_field_4494_container\" class=\"frm_form_field form-field  frm_top_container\">\n\t<label for=\"field_1vdsx\" id=\"field_1vdsx_label\" class=\"frm_primary_label\">Alias SASS ( Si existant )\n\t\t<span class=\"frm_required\" aria-hidden=\"true\"><\/span>\n\t<\/label>\n\t<input  type=\"text\" id=\"field_1vdsx\" name=\"item_meta[4494]\" value=\"\"  data-invmsg=\"Alias SASS ( Si existant ) is invalid\" aria-invalid=\"false\"   \/>\n\t\n\t\n<\/div>\n<div id=\"frm_field_4869_container\" class=\"frm_form_field form-field  frm_required_field frm_top_container frm3 frm_first\">\n\t<label for=\"field_jxi1m\" id=\"field_jxi1m_label\" class=\"frm_primary_label\">Code Postal\n\t\t<span class=\"frm_required\" aria-hidden=\"true\">*<\/span>\n\t<\/label>\n\t<input type=\"number\" id=\"field_jxi1m\" name=\"item_meta[4869]\" value=\"\" data-reqmsg=\"Ce champ ne peut pas \u00eatre vide - Code Postal cannot be empty\" aria-required=\"true\" data-invmsg=\"Code Postal is invalid\" aria-invalid=\"false\"   min=\"0\" max=\"9999999\" step=\"any\" \/>\n\t\n\t\n<\/div>\n<div id=\"frm_field_4868_container\" class=\"frm_form_field form-field  frm_required_field frm_top_container frm9\">\n\t<label for=\"field_vvg8w\" id=\"field_vvg8w_label\" class=\"frm_primary_label\">Ville\n\t\t<span class=\"frm_required\" aria-hidden=\"true\">*<\/span>\n\t<\/label>\n\t<input  type=\"text\" id=\"field_vvg8w\" name=\"item_meta[4868]\" value=\"\"  data-reqmsg=\"Ce champ ne peut pas \u00eatre vide - Ville cannot be empty\" aria-required=\"true\" data-invmsg=\"Ville is invalid\" aria-invalid=\"false\"   \/>\n\t\n\t\n<\/div>\n<div id=\"frm_field_433_container\" class=\"frm_form_field form-field  frm_required_field frm_top_container frm_first frm_two_thirds\">\r\n    <label for=\"field_29yf4d4\" class=\"frm_primary_label\">Email\r\n        <span class=\"frm_required\">*<\/span>\r\n    <\/label>\r\n    <input type=\"email\" id=\"field_29yf4d4\" name=\"item_meta[433]\" value=\"\"  data-reqmsg=\"Ce champ ne peut pas \u00eatre vide - Field cannot be empty\" aria-required=\"true\" data-invmsg=\"Please enter a valid email address\" aria-invalid=\"false\"  \/>\r\n    \r\n    \r\n<\/div>\n<div id=\"frm_field_3157_container\" class=\"frm_form_field form-field  frm_required_field frm_top_container frm_third\">\n\t<label for=\"field_8t51k\" id=\"field_8t51k_label\" class=\"frm_primary_label\">Portable\n\t\t<span class=\"frm_required\" aria-hidden=\"true\">*<\/span>\n\t<\/label>\n\t<input type=\"tel\" id=\"field_8t51k\" name=\"item_meta[3157]\" value=\"\"  data-reqmsg=\"Ce champ ne peut pas \u00eatre vide - Field cannot be empty\" aria-required=\"true\" data-invmsg=\"Portable is invalid\" aria-invalid=\"false\" pattern=\"((\\+\\d{1,3}(-|.| )?\\(?\\d\\)?(-| |.)?\\d{1,5})|(\\(?\\d{2,6}\\)?))(-|.| )?(\\d{3,4})(-|.| )?(\\d{4})(( x| ext)\\d{1,5}){0,1}$\"  \/>\n\t\n\t\n<\/div>\n<div id=\"frm_field_434_container\" class=\"frm_form_field form-field  frm_required_field frm_top_container frm_full\">\r\n    <label for=\"field_e6lis64\" class=\"frm_primary_label\">Sujet\r\n        <span class=\"frm_required\"><\/span>\r\n    <\/label>\r\n    <input  type=\"text\" id=\"field_e6lis64\" name=\"item_meta[434]\" value=\"\"  data-reqmsg=\"Ce champ ne peut pas \u00eatre vide - Field cannot be empty\" aria-required=\"true\" data-invmsg=\"Subject is invalid\" aria-invalid=\"false\"   \/>\r\n    \r\n    \r\n<\/div>\n<div id=\"frm_field_435_container\" class=\"frm_form_field form-field  frm_required_field frm_top_container frm_full\">\r\n    <label for=\"field_9jv0r14\" class=\"frm_primary_label\">Message\r\n        <span class=\"frm_required\"><\/span>\r\n    <\/label>\r\n    <textarea name=\"item_meta[435]\" id=\"field_9jv0r14\" rows=\"5\"  data-reqmsg=\"Ce champ ne peut pas \u00eatre vide - Field cannot be empty\" aria-required=\"true\" data-invmsg=\"Message is invalid\" aria-invalid=\"false\"  ><\/textarea>\r\n    \r\n    \r\n<\/div>\n<div id=\"frm_field_436_container\" class=\"frm_form_field form-field  frm_none_container\">\r\n    <label  class=\"frm_primary_label\">Captcha\r\n        <span class=\"frm_required\"><\/span>\r\n    <\/label>\r\n    <div  id=\"field_gbx9c\" class=\"g-recaptcha\" data-sitekey=\"6LcCtg8TAAAAAOd_W4gsM56ku0Bjt8F0bdUMf3Mm\" data-size=\"normal\" data-theme=\"light\"><\/div>\r\n    \r\n    \r\n<\/div>\n<div id=\"frm_field_2765_container\" class=\"frm_form_field form-field \">\n\t<div class=\"frm_submit\">\r\n\r\n<button class=\"frm_button_submit frm_final_submit\" type=\"submit\"   formnovalidate=\"formnovalidate\">Submit<\/button>\r\n\r\n<\/div>\n<\/div>\n\t<input type=\"hidden\" name=\"item_key\" value=\"\" \/>\n\t\t\t<div id=\"frm_field_4870_container\">\n\t\t\t<label for=\"field_g1fsl\" >\n\t\t\t\tIf you are human, leave this field blank.\t\t\t<\/label>\n\t\t\t<input  id=\"field_g1fsl\" type=\"text\" class=\"frm_form_field form-field frm_verify\" name=\"item_meta[4870]\" value=\"\"  \/>\n\t\t<\/div>\n\t\t<input name=\"frm_state\" type=\"hidden\" value=\"hwXRwJKAZ4B9IdZj+MeMMwl6lUNCfsp33gD6HtyFaLO31G2\/D2Xw96+jwte8e8BH\" \/><\/div>\n<\/fieldset>\n<\/div>\n\n<\/form>\n<\/div>\n\n<p>&nbsp;<\/p>\n<\/div>\n<\/div><\/div><\/div><\/div><\/div>","protected":false},"excerpt":{"rendered":"<p>L\u2019association SASS France est une association de loi 1901 dont le but est l\u2019information ainsi que la promotion et le d\u00e9veloppement au sein des organismes sportifs, des amateurs d&#8217;armes, des &hellip; <a class=\"readmore\" href=\"https:\/\/sassfrance.fr\/index.php\/informations\/\">Continue Reading &amp;amp;amp;amp;amp;amp;rarr;<\/a><\/p>\n","protected":false},"author":1,"featured_media":0,"parent":0,"menu_order":0,"comment_status":"closed","ping_status":"closed","template":"","meta":{"footnotes":""},"class_list":["post-4333","page","type-page","status-publish","hentry"],"_links":{"self":[{"href":"https:\/\/sassfrance.fr\/index.php\/wp-json\/wp\/v2\/pages\/4333","targetHints":{"allow":["GET"]}}],"collection":[{"href":"https:\/\/sassfrance.fr\/index.php\/wp-json\/wp\/v2\/pages"}],"about":[{"href":"https:\/\/sassfrance.fr\/index.php\/wp-json\/wp\/v2\/types\/page"}],"author":[{"embeddable":true,"href":"https:\/\/sassfrance.fr\/index.php\/wp-json\/wp\/v2\/users\/1"}],"replies":[{"embeddable":true,"href":"https:\/\/sassfrance.fr\/index.php\/wp-json\/wp\/v2\/comments?post=4333"}],"version-history":[{"count":14,"href":"https:\/\/sassfrance.fr\/index.php\/wp-json\/wp\/v2\/pages\/4333\/revisions"}],"predecessor-version":[{"id":4510,"href":"https:\/\/sassfrance.fr\/index.php\/wp-json\/wp\/v2\/pages\/4333\/revisions\/4510"}],"wp:attachment":[{"href":"https:\/\/sassfrance.fr\/index.php\/wp-json\/wp\/v2\/media?parent=4333"}],"curies":[{"name":"wp","href":"https:\/\/api.w.org\/{rel}","templated":true}]}}