{"id":4824,"date":"2025-11-13T23:29:38","date_gmt":"2025-11-13T22:29:38","guid":{"rendered":"https:\/\/sassfrance.fr\/?page_id=4824"},"modified":"2025-11-14T10:49:05","modified_gmt":"2025-11-14T09:49:05","slug":"west-winter-challenge-cormery","status":"publish","type":"page","link":"https:\/\/sassfrance.fr\/index.php\/west-winter-challenge-cormery\/","title":{"rendered":"West Winter Challenge &#8211; Cormery 2026"},"content":{"rendered":"<div id=\"pl-4824\"  class=\"panel-layout\" ><div id=\"pg-4824-0\"  class=\"panel-grid panel-no-style\" ><div id=\"pgc-4824-0-0\"  class=\"panel-grid-cell\" ><div id=\"panel-4824-0-0-0\" class=\"so-panel widget widget_sow-editor panel-first-child panel-last-child\" data-index=\"0\" ><div\n\t\t\t\n\t\t\tclass=\"so-widget-sow-editor so-widget-sow-editor-base\"\n\t\t\t\n\t\t>\n<div class=\"siteorigin-widget-tinymce textwidget\">\n\t<p>&nbsp;<\/p>\n<p><img loading=\"lazy\" decoding=\"async\" class=\"wp-image-4822 aligncenter\" src=\"https:\/\/sassfrance.fr\/wp-content\/uploads\/2025\/11\/2026-WWC-Cormery.jpg\" alt=\"\" width=\"574\" height=\"1077\" srcset=\"https:\/\/sassfrance.fr\/wp-content\/uploads\/2025\/11\/2026-WWC-Cormery.jpg 1021w, https:\/\/sassfrance.fr\/wp-content\/uploads\/2025\/11\/2026-WWC-Cormery-160x300.jpg 160w, https:\/\/sassfrance.fr\/wp-content\/uploads\/2025\/11\/2026-WWC-Cormery-545x1024.jpg 545w, https:\/\/sassfrance.fr\/wp-content\/uploads\/2025\/11\/2026-WWC-Cormery-768x1442.jpg 768w, https:\/\/sassfrance.fr\/wp-content\/uploads\/2025\/11\/2026-WWC-Cormery-818x1536.jpg 818w, https:\/\/sassfrance.fr\/wp-content\/uploads\/2025\/11\/2026-WWC-Cormery-112x210.jpg 112w\" sizes=\"auto, (max-width: 574px) 100vw, 574px\" \/><\/p>\n<p>&nbsp;<\/p>\n<h4><strong>Samedi 24 Janvier 20256 \u00a0<\/strong><\/h4>\n<p>- 7h30 : Accueil, Caf\u00e9 et Enregistrement : 8h30 \u00e0 8h45<\/p>\n<p>- 8h00 : Briefing de s\u00e9curit\u00e9<\/p>\n<p>- 8h30 \u00e0 12h30 - 4 Stages TWS 1873<\/p>\n<p>- Repas : 12h30<\/p>\n<p>- 13h30 \u00e0 17h30 - 4 Stages TWS 1873<\/p>\n<p>- 17h30 : Collation<\/p>\n<p>- 18h00 : Remise des Prix individuel et par \u00e9quipes \/ Collation<\/p>\n<p>&nbsp;<\/p>\n<h3><a href=\"https:\/\/sassfrance.fr\/index.php\/west-winter-challenge-cormery\/enregistrement-wwc-cormery\/\"><span style=\"color: #0000ff;\">Inscription\u00a0en Ligne ....<\/span><\/a><\/h3>\n<p>&nbsp;<\/p>\n<p>Pour ceux qui le souhaitent, ......<\/p>\n<p>Inscription papier \u00e0 t\u00e9l\u00e9charger et \u00e0 renvoyer par courrier postal<\/p>\n<p>====&gt; <strong><span style=\"color: #0000ff;\">\u00a0<a style=\"color: #0000ff;\" href=\"https:\/\/sassfrance.fr\/index.php\/download\/2026-wwc-cormery-fiche-dinscription\/?wpdmdl=4842&amp;masterkey=MgnnEgNsHhkmPTahFX9eQS_UK6kmRTSeSNxzHHchYY5dutsftkcJhbIF5u9O3-E3-myxJVfIsQuD44aOzTuISnkPIZx8pR8wQwqxeuE8PsI\">ICI<\/a><\/span><\/strong><\/p>\n<p>&nbsp;<\/p>\n<p>--------<\/p>\n\r\n            \r\n            \r\n            \r\n            <a name='map12'><\/a>\r\n            \r\n            \r\n            \r\n            \r\n            <div class=\"wpgmza_map \"  id=\"wpgmza_map_12\" style=\"display:block; overflow:auto; width:100%; height:400px; float:left;\" data-settings='{\"id\":\"12\",\"map_title\":\"Cormery RailWay Station\",\"map_width\":\"100\",\"map_height\":\"400\",\"map_start_lat\":\"47.26015726010965\",\"map_start_lng\":\"0.8426676480549692\",\"map_start_location\":\"\",\"map_start_zoom\":\"15\",\"default_marker\":\"\",\"type\":\"0\",\"alignment\":\"0\",\"directions_enabled\":\"0\",\"styling_enabled\":\"0\",\"styling_json\":\"\",\"active\":\"0\",\"kml\":\"\",\"bicycle\":\"0\",\"traffic\":\"0\",\"dbox\":\"1\",\"dbox_width\":\"100\",\"listmarkers\":\"0\",\"listmarkers_advanced\":\"0\",\"filterbycat\":\"0\",\"ugm_enabled\":\"0\",\"ugm_category_enabled\":\"0\",\"fusion\":\"\",\"map_width_type\":\"%\",\"map_height_type\":\"px\",\"mass_marker_support\":\"0\",\"ugm_access\":\"0\",\"order_markers_by\":\"1\",\"order_markers_choice\":\"1\",\"show_user_location\":\"0\",\"default_to\":\"\",\"other_settings\":{\"map_type\":1,\"sl_stroke_color\":\"#ff0000\",\"sl_fill_color\":\"#ff0000\",\"sl_stroke_opacity\":\"1\",\"sl_fill_opacity\":\"0.5\",\"transport_layer\":false,\"action\":\"wpgmza_save_map\",\"redirect_to\":\"\\\/wp-admin\\\/admin-post.php\",\"map_id\":\"12\",\"http_referer\":\"\\\/wp-admin\\\/admin.php?page=wp-google-maps-menu&amp;amp;action=edit&amp;amp;map_id=12\",\"wpgmza_id\":\"12\",\"wpgmza_start_location\":\"47.26015726010965,0.8426676480549692\",\"wpgmza_start_zoom\":\"15\",\"directions_box_style\":\"default\",\"wpgmza_dbox_width_type\":\"%\",\"default_from\":\"\",\"directions_behaviour\":\"default\",\"force_google_directions_app\":false,\"directions_route_origin_icon\":\"https:\\\/\\\/sassfrance.fr\\\/wp-content\\\/plugins\\\/wp-google-maps\\\/images\\\/spotlight-poi3.png\",\"directions_origin_retina\":false,\"directions_route_destination_icon\":\"https:\\\/\\\/sassfrance.fr\\\/wp-content\\\/plugins\\\/wp-google-maps\\\/images\\\/spotlight-poi3.png\",\"directions_destination_retina\":false,\"directions_route_stroke_color\":\"#4f8df5\",\"directions_route_stroke_weight\":\"4\",\"directions_route_stroke_opacity\":\"0.8\",\"directions_fit_bounds_to_route\":false,\"store_locator_enabled\":false,\"store_locator_search_area\":\"radial\",\"wpgmza_store_locator_radius_style\":\"legacy\",\"wpgmza_store_locator_default_radius\":\"10\",\"store_locator_auto_area_max_zoom\":\"\",\"wpgmza_store_locator_restrict\":\"\",\"store_locator_distance\":false,\"wpgmza_store_locator_position\":false,\"store_locator_show_distance\":false,\"store_locator_category\":false,\"wpgmza_store_locator_use_their_location\":false,\"wpgmza_store_locator_bounce\":false,\"upload_default_sl_marker\":\"\",\"upload_default_sl_marker_retina\":false,\"wpgmza_sl_animation\":\"0\",\"wpgmza_store_locator_hide_before_search\":false,\"store_locator_query_string\":\"\",\"store_locator_location_placeholder\":\"\",\"store_locator_default_address\":\"\",\"store_locator_name_search\":false,\"store_locator_name_string\":\"\",\"store_locator_not_found_message\":\"\",\"retina\":false,\"wpgmza_map_align\":\"1\",\"upload_default_ul_marker\":\"\",\"upload_default_ul_marker_retina\":false,\"jump_to_nearest_marker_on_initialization\":false,\"automatically_pan_to_users_location\":false,\"override_users_location_zoom_level\":false,\"override_users_location_zoom_levels\":\"\",\"show_distance_from_location\":false,\"map_max_zoom\":\"21\",\"map_min_zoom\":\"0\",\"click_open_link\":false,\"fit_maps_bounds_to_markers\":false,\"fit_maps_bounds_to_markers_after_filtering\":false,\"hide_point_of_interest\":false,\"wpgmza_zoom_on_marker_click\":false,\"wpgmza_zoom_on_marker_click_slider\":\"\",\"close_infowindow_on_map_click\":false,\"disable_lightbox_images\":false,\"use_Raw_Jpeg_Coordinates\":false,\"disable_polygon_info_windows\":false,\"enable_advanced_custom_fields_integration\":false,\"enable_toolset_woocommerce_integration\":false,\"enable_marker_labels\":false,\"only_load_markers_within_viewport\":false,\"zoom_level_mobile_override_enabled\":false,\"zoom_level_mobile_override\":\"\",\"iw_primary_color\":\"#000000\",\"iw_accent_color\":\"#000000\",\"iw_text_color\":\"#000000\",\"wpgmza_listmarkers_by\":\"0\",\"wpgmza_marker_listing_position\":false,\"zoom_level_on_marker_listing_override\":false,\"zoom_level_on_marker_listing_click\":\"\",\"marker_listing_disable_zoom\":false,\"datatable_no_result_message\":\"\",\"remove_search_box_datables\":false,\"dataTable_pagination_style\":\"default\",\"datatable_search_string\":\"\",\"datatable_result_start\":\"\",\"datatable_result_of\":\"\",\"datatable_result_to\":\"\",\"datatable_result_total\":\"\",\"datatable_result_show\":\"\",\"datatable_result_entries\":\"\",\"wpgmza_savemap\":\"Save Map \\u00bb\",\"shortcodeAttributes\":{\"id\":\"12\"}}}' data-map-id='12' data-shortcode-attributes='{\"id\":\"12\"}'> <\/div>\r\n            \r\n               \r\n        \n<p>&nbsp;<\/p>\n<p>-------<\/p>\n<h3>Les Inscrits .... \ud83d\ude09<\/h3>\n<div class=\"frm_no_entries\">No Entries Found<\/div>\n\n<\/div>\n<\/div><\/div><\/div><\/div><\/div>","protected":false},"excerpt":{"rendered":"<p>&nbsp; &nbsp; Samedi 24 Janvier 20256 \u00a0 &#8211; 7h30 : Accueil, Caf\u00e9 et Enregistrement : 8h30 \u00e0 8h45 &#8211; 8h00 : Briefing de s\u00e9curit\u00e9 &#8211; 8h30 \u00e0 12h30 &#8211; 4 &hellip; <a class=\"readmore\" href=\"https:\/\/sassfrance.fr\/index.php\/west-winter-challenge-cormery\/\">Continue Reading &amp;amp;amp;amp;amp;amp;rarr;<\/a><\/p>\n","protected":false},"author":1,"featured_media":0,"parent":0,"menu_order":0,"comment_status":"closed","ping_status":"closed","template":"","meta":{"footnotes":""},"class_list":["post-4824","page","type-page","status-publish","hentry"],"_links":{"self":[{"href":"https:\/\/sassfrance.fr\/index.php\/wp-json\/wp\/v2\/pages\/4824","targetHints":{"allow":["GET"]}}],"collection":[{"href":"https:\/\/sassfrance.fr\/index.php\/wp-json\/wp\/v2\/pages"}],"about":[{"href":"https:\/\/sassfrance.fr\/index.php\/wp-json\/wp\/v2\/types\/page"}],"author":[{"embeddable":true,"href":"https:\/\/sassfrance.fr\/index.php\/wp-json\/wp\/v2\/users\/1"}],"replies":[{"embeddable":true,"href":"https:\/\/sassfrance.fr\/index.php\/wp-json\/wp\/v2\/comments?post=4824"}],"version-history":[{"count":8,"href":"https:\/\/sassfrance.fr\/index.php\/wp-json\/wp\/v2\/pages\/4824\/revisions"}],"predecessor-version":[{"id":4844,"href":"https:\/\/sassfrance.fr\/index.php\/wp-json\/wp\/v2\/pages\/4824\/revisions\/4844"}],"wp:attachment":[{"href":"https:\/\/sassfrance.fr\/index.php\/wp-json\/wp\/v2\/media?parent=4824"}],"curies":[{"name":"wp","href":"https:\/\/api.w.org\/{rel}","templated":true}]}}