{"id":4870,"date":"2025-11-24T12:41:13","date_gmt":"2025-11-24T11:41:13","guid":{"rendered":"https:\/\/sassfrance.fr\/?page_id=4870"},"modified":"2026-04-09T12:12:16","modified_gmt":"2026-04-09T11:12:16","slug":"resultats-2026","status":"publish","type":"page","link":"https:\/\/sassfrance.fr\/index.php\/resultats\/resultats-2026\/","title":{"rendered":"R\u00e9sultats 2026"},"content":{"rendered":"<div id=\"pl-4870\"  class=\"panel-layout\" ><div id=\"pg-4870-0\"  class=\"panel-grid panel-no-style\" ><div id=\"pgc-4870-0-0\"  class=\"panel-grid-cell\" ><div id=\"panel-4870-0-0-0\" class=\"so-panel widget widget_sow-editor panel-first-child panel-last-child\" data-index=\"0\" ><div\n\t\t\t\n\t\t\tclass=\"so-widget-sow-editor so-widget-sow-editor-base\"\n\t\t\t\n\t\t>\n<div class=\"siteorigin-widget-tinymce textwidget\">\n\t<p><span style=\"color: #000000; font-size: 24px;\"><span style=\"color: #000000;\"><strong>Southern Winter Challenge 2025-2026<\/strong><\/span><\/span><\/p>\n<ul>\n<li><span style=\"font-size: 20px;\"><strong><span style=\"color: #0000ff; font-family: georgia, palatino;\"><a style=\"color: #0000ff;\" href=\"https:\/\/sassfrance.fr\/index.php\/download\/2025-swc-resultats-wild-forest-221125\/?wpdmdl=4862&amp;masterkey=53vv02H5dCI-UVeScMP4QFTd5bo8oY8vEccIlX7qJzjOkjwW2kZtb14MitdoLOvvhEBQpdbnF_BOJBA2cJktgA4_KRY3thGrNkBgb55KYWw\">Southern Winter Challenge - Novembre 2025 - Wild Forest<\/a><\/span><\/strong><\/span><\/li>\n<\/ul>\n<ul>\n<li><span style=\"font-size: 20px;\"><strong><span style=\"color: #0000ff; font-family: georgia, palatino;\"><a style=\"color: #0000ff;\" href=\"https:\/\/sassfrance.fr\/index.php\/download\/2025-swc_resultats-lamole\/?wpdmdl=4941&amp;masterkey=bdth5BFYcK8qimDZ026bh76N-W88vBuJwbFlxuiA9ii_PzuMrNVxeYUuROKwpOlAh2Ck4DLiH3zpwlvFn-YiKc3GViKuXMc1r1AXitreESk\">Southern Winter Challenge - D\u00e9cembre 2025 - La Mole<\/a><\/span><\/strong><\/span><\/li>\n<\/ul>\n<ul>\n<li><a href=\"https:\/\/sassfrance.fr\/index.php\/download\/2026-swc-resultats-rochefort-janvier\/?wpdmdl=5158&amp;masterkey=OHGr6r2kR9jlkFmCUQtEWG8AuU8AEYlKJ0Gc6bXHUX_DEun6eX_RNO3OefASXtP_fMHWqQq2qFyrYWN6uU2Kn2kHETMjwT5_LsThP65a5Smw\"><span style=\"font-size: 20px; color: #0000ff;\"><strong><span style=\"font-family: georgia, palatino;\">Southern Winter Challenge - Janvier 2026 - Wild Forest<\/span><\/strong><\/span><\/a><\/li>\n<\/ul>\n<ul>\n<li><span style=\"color: #0000ff;\"><a style=\"color: #0000ff;\" href=\"https:\/\/sassfrance.fr\/index.php\/download\/2026-swc-resultat-finale-larallauch-fevrier\/?wpdmdl=5297&amp;masterkey=OtErfBmxnLxRCjYpL--kGZTIJglkHb7bxi-DgmokAofcc0h8SRhQdulxGqH55MiA4Qeh1gcMxXODFxP5wYK1eqrifbvm9nQdHgKdPQ4qqFhk\"><span style=\"font-size: 20px;\"><strong><span style=\"font-family: georgia, palatino;\">Southern Winter Challenge - F\u00e9vrier 2026 - Finale Larallauch<\/span><\/strong><\/span><\/a><\/span><\/li>\n<\/ul>\n<ul>\n<li style=\"list-style-type: none;\">\n<ul>\n<li><span style=\"color: #0000ff;\"><a style=\"color: #0000ff;\" href=\"https:\/\/sassfrance.fr\/index.php\/download\/2026-swc-resultat-team-match\/?wpdmdl=5299&amp;masterkey=OXjW5GFecNXtW1HqPSLlw_l9UjsKG7RvOI1L7CX5M5QU1krU526V1-z7sMs9Chj6nkUhrXR9f1kHPFZwNgIkoZS2rprdR0TTIHaT0wagBQwQ\"><span style=\"font-size: 20px;\"><strong><span style=\"font-family: georgia, palatino;\">Southern Winter Challenge - Finale - Team Matches<\/span><\/strong><\/span><\/a><\/span><\/li>\n<\/ul>\n<\/li>\n<\/ul>\n<p>&nbsp;<\/p>\n<hr \/>\n<p><span style=\"color: #000000; font-size: 24px;\"><span style=\"color: #000000;\"><strong>West Winter Challenge 2026<\/strong><\/span><\/span><\/p>\n<ul>\n<li><a href=\"https:\/\/sassfrance.fr\/index.php\/download\/2026-overall-wwc-cormery\/?wpdmdl=5175&amp;masterkey=OPJkWoXVGfrPbQ8jutOOpNAjeuNRh_gKXlzs4TqBQNlgxjs0lRcdlhqSId_0m1wSnD45Uk2ao97HuQzklmdshV7O7dmHPMGQCCP7ACMsiF2I\"><span style=\"color: #0000ff;\"><strong><span style=\"font-size: 20px;\">West Winter Challenge - Janvier 2026 - Cormery Railway Station<\/span><\/strong><\/span><\/a><\/li>\n<\/ul>\n<ul>\n<li><span style=\"color: #0000ff;\"><a style=\"color: #0000ff;\" href=\"https:\/\/sassfrance.fr\/index.php\/download\/2026-wwc-resultats-athis\/?wpdmdl=5334&amp;masterkey=Of3MMDayuZ81ppYdjxv6dSUR3hkIbkAiM3gKCw5xtoYoGYalLPX3803T9pK1997Td5PUFTPU435bOqVDL-DRomYZ2W1M77Jvk4DJjYB20_Pk\"><strong><span style=\"font-size: 20px;\">West Winter Challenge - F\u00e9vrier 2026 - GreenHills Cowboys<\/span><\/strong><\/a><\/span><\/li>\n<\/ul>\n<p>&nbsp;<\/p>\n<hr \/>\n<p><span style=\"color: #000000; font-size: 24px;\"><strong>Go To Station 70 - Larallauch<\/strong><\/span><\/p>\n<ul>\n<li><span style=\"color: #0000ff;\"><a style=\"color: #0000ff;\" href=\"https:\/\/sassfrance.fr\/index.php\/download\/2026-resultats-gotostation70\/?wpdmdl=5344&amp;masterkey=OBK3krui2NRgz0OdvvlXeZc5LqzxITeWvDpnYcrWHfXgr_wer0bZCqXlfatBNx2WW7MBx7ZAn1gkLALx_Q4EtjqAaGLdPfUHA8ng3JYR3S30\"><strong><span style=\"font-size: 20px;\">R\u00e9sultats complet<\/span><\/strong><\/a><\/span><\/li>\n<\/ul>\n<p>&nbsp;<\/p>\n<hr \/>\n<p><span style=\"font-size: 24px; color: #000000;\"><strong>Round-Up at Black-Rivers - Roanne (42)<\/strong><\/span><\/p>\n<ul>\n<li><span style=\"font-family: georgia, palatino;\"><a href=\"https:\/\/sassfrance.fr\/index.php\/download\/2026-ru-wb-overall-global\/?wpdmdl=5352&amp;masterkey=OtaeNg2GVDX5Ct9h7X6FJzpU5cDqxriEhIkENdFLDoD-hF9L9Jv-WqzKDpdp6hta0AIkuo7pcrpnb3NoyT0dDkipF1Fm6S4FSav-VddoZn-Q\"><span style=\"color: #0000ff;\"><strong><span style=\"font-size: 20px;\">R\u00e9<span style=\"color: #0000ff;\">sultats Overall TWS 1911<\/span><\/span><\/strong><\/span><\/a><\/span><\/li>\n<li><span style=\"color: #0000ff; font-family: georgia, palatino;\"><a style=\"color: #0000ff;\" href=\"https:\/\/sassfrance.fr\/index.php\/download\/2026-ru-wb-wb-categorie\/?wpdmdl=5353&amp;masterkey=OG9-4S0H0Hr5kdyIN-XrL7aNlo7F34jD8NFm5hq-UXHlFEoHNch3lOusQDorMNw8VwwTy3XXcp_Bpvg-my48EnH7Ic3ZL6I-j3KRvFM2EIVU\"><strong><span style=\"font-size: 20px;\">R\u00e9sultats Cat\u00e9gories TWS 1911<\/span><\/strong><\/a><\/span><\/li>\n<\/ul>\n<p>&nbsp;<\/p>\n<ul>\n<li><span style=\"color: #0000ff; font-family: georgia, palatino;\"><a style=\"color: #0000ff;\" href=\"https:\/\/sassfrance.fr\/index.php\/download\/2026-ru-mm-overall-global\/?wpdmdl=5354&amp;masterkey=O5x7MbD-2pKBHCW8xXD2ErAFR0D0Ydb3y9F4cOMSojNH0Ggju8IauYX-3obblCSysK7ki8kceNNbFbeIOTrDdLEIlcVka13HjBwY9rCKZ4NE\"><strong><span style=\"font-size: 20px;\">R\u00e9sultats Overall G\u00e9n\u00e9ral TWS 1873<\/span><\/strong><\/a><\/span><\/li>\n<li><span style=\"color: #0000ff; font-family: georgia, palatino;\"><a style=\"color: #0000ff;\" href=\"https:\/\/sassfrance.fr\/index.php\/download\/2026-ru-mm-overall-men\/?wpdmdl=5355&amp;masterkey=OXh_M-Gb-r520EkGbTYNxson22sofV3F9-j022VkIIXFZgVe8lfm5wGs81Q_jWQTz00cJkEWPtJkwYe7SHibb5wCHN6DjJU1CI13Q5mvggfE\"><strong><span style=\"font-size: 20px;\">R\u00e9sultats Overall Men TWS 1873<\/span><\/strong><\/a><\/span><\/li>\n<li><span style=\"color: #0000ff; font-family: georgia, palatino;\"><a style=\"color: #0000ff;\" href=\"https:\/\/sassfrance.fr\/index.php\/download\/2026-ru-mm-overall-women\/?wpdmdl=5356&amp;masterkey=OIGh9p39c00JnEPOrxv8B_uu6GMnifKkP2gayRTGa0VercULjDoj45k4IFKWUZo1y1MA8f6doaoOUidoD3Co4zvbZiQQDR9whwQ4ZrVf28mY\"><strong><span style=\"font-size: 20px;\">R\u00e9sultats Overall Women TWS 1873<\/span><\/strong><\/a><\/span><\/li>\n<li><span style=\"color: #0000ff; font-family: georgia, palatino;\"><a style=\"color: #0000ff;\" href=\"https:\/\/sassfrance.fr\/index.php\/download\/2026-ru-mm-categorie\/?wpdmdl=5357&amp;masterkey=OWJKP2fkjYmOu1vq5FoYCvLx2wKbK2Reucfp4-hJRAbFmsyC26SED-jssJJpNayJRG5Mj_ux3AzqxKmYeyp8kqLGx-_509aq7pKIpRgtMDzM\"><strong><span style=\"font-size: 20px;\">R\u00e9sultats Cat\u00e9gories TWS 1873<\/span><\/strong><\/a><\/span><\/li>\n<li><span style=\"color: #0000ff; font-family: georgia, palatino;\"><a style=\"color: #0000ff;\" href=\"https:\/\/sassfrance.fr\/index.php\/download\/2026-ru-mm-classement-stage\/?wpdmdl=5358&amp;masterkey=OQ7VYVay4OW9g-8ITNs-m_lXBL5D-_z251s8lnjSmgfIaNc5gYCBEjooe5MggKQFO1XSRFvGdVDi85FEfqiOcuQ1bWvS7S4NHGli6ZNuFd5c\"><strong><span style=\"font-size: 20px;\">R\u00e9sultats par Stage TWS 1873<\/span><\/strong><\/a><\/span><\/li>\n<\/ul>\n<p>&nbsp;<\/p>\n<p>&nbsp;<\/p>\n<p>&nbsp;<\/p>\n<hr \/>\n<p><span style=\"color: #999999;\"><strong><span style=\"font-size: x-large;\">Cormery <span style=\"caret-color: #000000;\">Railway<\/span> Station - Cormery (37)<\/span><\/strong><\/span><\/p>\n<p>&nbsp;<\/p>\n<hr \/>\n<p><span style=\"color: #999999; font-size: 24px;\"><strong>Fury's Days - Larallauch (13)<\/strong><\/span><\/p>\n<p>&nbsp;<\/p>\n<hr \/>\n<p><span style=\"color: #999999; font-size: 24px;\"><strong>Days of Fire - SASS-France Championship - Roanne (42)<\/strong><\/span><\/p>\n<p>&nbsp;<\/p>\n<hr \/>\n<p><span style=\"color: #999999; font-size: 24px;\"><strong>Cherokee Strip - Mazamet - \u00a0(81)<\/strong><\/span><\/p>\n<p>&nbsp;<\/p>\n<p>&nbsp;<\/p>\n<p>&nbsp;<\/p>\n<p>&nbsp;<\/p>\n<p>&nbsp;<\/p>\n<p>&nbsp;<\/p>\n<p>&nbsp;<\/p>\n<p>&nbsp;<\/p>\n<p>&nbsp;<\/p>\n<p>&nbsp;<\/p>\n<p>&nbsp;<\/p>\n<p>&nbsp;<\/p>\n<p>&nbsp;<\/p>\n<p>&nbsp;<\/p>\n<\/div>\n<\/div><\/div><\/div><\/div><\/div>","protected":false},"excerpt":{"rendered":"<p>Southern Winter Challenge 2025-2026 Southern Winter Challenge &#8211; Novembre 2025 &#8211; Wild Forest Southern Winter Challenge &#8211; D\u00e9cembre 2025 &#8211; La Mole Southern Winter Challenge &#8211; Janvier 2026 &#8211; Wild &hellip; <a class=\"readmore\" href=\"https:\/\/sassfrance.fr\/index.php\/resultats\/resultats-2026\/\">Continue Reading &amp;amp;amp;amp;amp;amp;rarr;<\/a><\/p>\n","protected":false},"author":1,"featured_media":0,"parent":1181,"menu_order":0,"comment_status":"closed","ping_status":"closed","template":"","meta":{"footnotes":""},"class_list":["post-4870","page","type-page","status-publish","hentry"],"_links":{"self":[{"href":"https:\/\/sassfrance.fr\/index.php\/wp-json\/wp\/v2\/pages\/4870","targetHints":{"allow":["GET"]}}],"collection":[{"href":"https:\/\/sassfrance.fr\/index.php\/wp-json\/wp\/v2\/pages"}],"about":[{"href":"https:\/\/sassfrance.fr\/index.php\/wp-json\/wp\/v2\/types\/page"}],"author":[{"embeddable":true,"href":"https:\/\/sassfrance.fr\/index.php\/wp-json\/wp\/v2\/users\/1"}],"replies":[{"embeddable":true,"href":"https:\/\/sassfrance.fr\/index.php\/wp-json\/wp\/v2\/comments?post=4870"}],"version-history":[{"count":28,"href":"https:\/\/sassfrance.fr\/index.php\/wp-json\/wp\/v2\/pages\/4870\/revisions"}],"predecessor-version":[{"id":5364,"href":"https:\/\/sassfrance.fr\/index.php\/wp-json\/wp\/v2\/pages\/4870\/revisions\/5364"}],"up":[{"embeddable":true,"href":"https:\/\/sassfrance.fr\/index.php\/wp-json\/wp\/v2\/pages\/1181"}],"wp:attachment":[{"href":"https:\/\/sassfrance.fr\/index.php\/wp-json\/wp\/v2\/media?parent=4870"}],"curies":[{"name":"wp","href":"https:\/\/api.w.org\/{rel}","templated":true}]}}