{"id":5271,"date":"2026-02-14T01:23:48","date_gmt":"2026-02-14T00:23:48","guid":{"rendered":"https:\/\/sassfrance.fr\/?page_id=5271"},"modified":"2026-02-14T23:03:25","modified_gmt":"2026-02-14T22:03:25","slug":"participants-aux-formations","status":"publish","type":"page","link":"https:\/\/sassfrance.fr\/index.php\/formation\/participants-aux-formations\/","title":{"rendered":"Participants aux Formations"},"content":{"rendered":"<div id=\"pl-5271\"  class=\"panel-layout\" ><div id=\"pg-5271-0\"  class=\"panel-grid panel-no-style\" ><div id=\"pgc-5271-0-0\"  class=\"panel-grid-cell\" ><div id=\"panel-5271-0-0-0\" class=\"so-panel widget widget_sow-editor panel-first-child panel-last-child\" data-index=\"0\" ><div\n\t\t\t\n\t\t\tclass=\"so-widget-sow-editor so-widget-sow-editor-base\"\n\t\t\t\n\t\t>\n<div class=\"siteorigin-widget-tinymce textwidget\">\n\t<h3><span style=\"font-family: 'arial black', 'avant garde';\">Les Inscrits \u00e0 ROANNE - MARS<\/span><\/h3>\n<h3><span style=\"font-family: georgia, palatino; font-size: 14px;\"><table class=\"tablesorter\">\n<thead>\n<tr>\n<th style=\"font-size:100%;\"> <b>Alias<\/b><\/th>\n<th style=\"font-size:100%;\"> <b>SASS#<\/b><\/th>\n<th style=\"font-size:100%;\"> <b>Lieu<\/b><\/th>\n<th style=\"font-size:100%;\"> <b>Date<\/b><\/th>\n<th style=\"font-size:100%;\"> <b>ROBS<\/b><\/th>\n<th style=\"font-size:100%;\"> <b>CAS<\/b><\/th>\n<th style=\"font-size:100%;\"> <b>WB<\/b><\/th>\n<\/tr>\n<\/thead>\n<tbody>\n<tr>\n<td>Katie Lou<\/td>\n<td>77702<\/td>\n<td>ROANNE<\/td>\n<td>30\/31 Mars 2026<\/td>\n<td>1<\/td>\n<td><\/td>\n<td>1<\/td>\n<\/tr>\n<tr>\n<td>Doc Marbi<\/td>\n<td>106845<\/td>\n<td>ROANNE<\/td>\n<td>30\/31 Mars 2026<\/td>\n<td>1<\/td>\n<td><\/td>\n<td>1<\/td>\n<\/tr>\n<tr>\n<td>Charles Allan &#8220;Jeppesen&#8221; LaSALLE<\/td>\n<td>80699<\/td>\n<td>ROANNE<\/td>\n<td>30\/31 Mars 2026<\/td>\n<td>1<\/td>\n<td><\/td>\n<td>1<\/td>\n<\/tr>\n<tr>\n<td>THE KID OF NECKWHITE<\/td>\n<td>80783<\/td>\n<td>ROANNE<\/td>\n<td>30\/31 Mars 2026<\/td>\n<td>1<\/td>\n<td><\/td>\n<td>1<\/td>\n<\/tr>\n<tr>\n<td>Little Sioux of Neckwhite<\/td>\n<td>83488<\/td>\n<td>ROANNE<\/td>\n<td>30\/31 Mars 2026<\/td>\n<td><\/td>\n<td><\/td>\n<td>1<\/td>\n<\/tr>\n<tr>\n<td>Jesse Nightmare of Neckwhite<\/td>\n<td>110466<\/td>\n<td>ROANNE<\/td>\n<td>30\/31 Mars 2026<\/td>\n<td><\/td>\n<td><\/td>\n<td>1<\/td>\n<\/tr>\n<tr>\n<td>Bill Armandillo<\/td>\n<td>108687<\/td>\n<td>ROANNE<\/td>\n<td>30\/31 Mars 2026<\/td>\n<td>1<\/td>\n<td><\/td>\n<td>1<\/td>\n<\/tr>\n<tr>\n<td>Hannah-Beth<\/td>\n<td>114064<\/td>\n<td>ROANNE<\/td>\n<td>30\/31 Mars 2026<\/td>\n<td>1<\/td>\n<td><\/td>\n<td>1<\/td>\n<\/tr>\n<tr>\n<td>Looping<\/td>\n<td>109018<\/td>\n<td>ROANNE<\/td>\n<td>30\/31 Mars 2026<\/td>\n<td>1<\/td>\n<td><\/td>\n<td><\/td>\n<\/tr>\n<\/tbody>\n<\/table>\n<p><b>Nombre total de Participant : 9<\/b><\/p>\n<\/span><\/h3>\n<p>&nbsp;<\/p>\n<hr \/>\n<p>&nbsp;<\/p>\n<h3><span style=\"font-family: 'arial black', 'avant garde';\">Les Inscrits \u00e0 CORMERY - AVRIL<\/span><\/h3>\n<h3><span style=\"font-family: georgia, palatino; font-size: 14px;\"><table class=\"tablesorter\">\n<thead>\n<tr>\n<th style=\"font-size:100%;\"> <b>Alias<\/b><\/th>\n<th style=\"font-size:100%;\"> <b>SASS#<\/b><\/th>\n<th style=\"font-size:100%;\"> <b>Lieu<\/b><\/th>\n<th style=\"font-size:100%;\"> <b>Date<\/b><\/th>\n<th style=\"font-size:100%;\"> <b>ROBS<\/b><\/th>\n<th style=\"font-size:100%;\"> <b>CAS<\/b><\/th>\n<th style=\"font-size:100%;\"> <b>WB<\/b><\/th>\n<\/tr>\n<\/thead>\n<tbody>\n<tr>\n<td>Leia Blackbird<\/td>\n<td>114146<\/td>\n<td>CORMERY<\/td>\n<td>27\/28 Avril 2026<\/td>\n<td>1<\/td>\n<td>1<\/td>\n<td><\/td>\n<\/tr>\n<tr>\n<td>French Erikcochise<\/td>\n<td>85335<\/td>\n<td>CORMERY<\/td>\n<td>27\/28 Avril 2026<\/td>\n<td>1<\/td>\n<td><\/td>\n<td><\/td>\n<\/tr>\n<tr>\n<td>Marshall John Mc Clane<\/td>\n<td>88175<\/td>\n<td>CORMERY<\/td>\n<td>27\/28 Avril 2026<\/td>\n<td>1<\/td>\n<td>1<\/td>\n<td><\/td>\n<\/tr>\n<tr>\n<td>Marshall Echard<\/td>\n<td>111427<\/td>\n<td>CORMERY<\/td>\n<td>27\/28 Avril 2026<\/td>\n<td>1<\/td>\n<td>1<\/td>\n<td><\/td>\n<\/tr>\n<tr>\n<td>Bill BEWINER<\/td>\n<td>115870<\/td>\n<td>CORMERY<\/td>\n<td>27\/28 Avril 2026<\/td>\n<td>1<\/td>\n<td>1<\/td>\n<td><\/td>\n<\/tr>\n<tr>\n<td>french Erikcochise<\/td>\n<td>85335<\/td>\n<td>CORMERY<\/td>\n<td>27\/28 Avril 2026<\/td>\n<td><\/td>\n<td>1<\/td>\n<td><\/td>\n<\/tr>\n<\/tbody>\n<\/table>\n<p><b>Nombre total de Participant : 6<\/b><\/p>\n<\/span><\/h3>\n<p>&nbsp;<\/p>\n<hr \/>\n<p>&nbsp;<\/p>\n<h3><span style=\"font-family: 'arial black', 'avant garde';\">Les Inscrits \u00e0 ROANNE - JUIN<\/span><\/h3>\n<h3><span style=\"font-family: georgia, palatino; font-size: 14px;\"><table class=\"tablesorter\">\n<thead>\n<tr>\n<th style=\"font-size:100%;\"> <b>Alias<\/b><\/th>\n<th style=\"font-size:100%;\"> <b>SASS#<\/b><\/th>\n<th style=\"font-size:100%;\"> <b>Lieu<\/b><\/th>\n<th style=\"font-size:100%;\"> <b>Date<\/b><\/th>\n<th style=\"font-size:100%;\"> <b>ROBS<\/b><\/th>\n<th style=\"font-size:100%;\"> <b>CAS<\/b><\/th>\n<th style=\"font-size:100%;\"> <b>WB<\/b><\/th>\n<\/tr>\n<\/thead>\n<tbody>\n<tr>\n<td>Charles Allan &#8220;Jeppesen&#8221; LaSALLE<\/td>\n<td>80699<\/td>\n<td>ROANNE<\/td>\n<td>21\/22 Juin 2026<\/td>\n<td><\/td>\n<td>1<\/td>\n<td><\/td>\n<\/tr>\n<tr>\n<td>BULL RUN<\/td>\n<td>101088<\/td>\n<td>ROANNE<\/td>\n<td>21\/22 Juin 2026<\/td>\n<td><\/td>\n<td>1<\/td>\n<td><\/td>\n<\/tr>\n<tr>\n<td>Katie Lou<\/td>\n<td>106845<\/td>\n<td>ROANNE<\/td>\n<td>21\/22 Juin 2026<\/td>\n<td><\/td>\n<td>1<\/td>\n<td><\/td>\n<\/tr>\n<tr>\n<td>Doc Marbi<\/td>\n<td>106845<\/td>\n<td>ROANNE<\/td>\n<td>21\/22 Juin 2026<\/td>\n<td><\/td>\n<td>1<\/td>\n<td><\/td>\n<\/tr>\n<tr>\n<td>woodrow the wild frenchie<\/td>\n<td>80795<\/td>\n<td>ROANNE<\/td>\n<td>21\/22 Juin 2026<\/td>\n<td>1<\/td>\n<td>1<\/td>\n<td><\/td>\n<\/tr>\n<tr>\n<td>Looping<\/td>\n<td>109018<\/td>\n<td>ROANNE<\/td>\n<td>21\/22 Juin 2026<\/td>\n<td>1<\/td>\n<td>1<\/td>\n<td><\/td>\n<\/tr>\n<\/tbody>\n<\/table>\n<p><b>Nombre total de Participant : 6<\/b><\/p>\n<\/span><\/h3>\n<\/div>\n<\/div><\/div><\/div><\/div><\/div>","protected":false},"excerpt":{"rendered":"<p>Les Inscrits \u00e0 ROANNE &#8211; MARS &nbsp; &nbsp; Les Inscrits \u00e0 CORMERY &#8211; AVRIL &nbsp; &nbsp; Les Inscrits \u00e0 ROANNE &#8211; JUIN<\/p>\n","protected":false},"author":1,"featured_media":0,"parent":3560,"menu_order":0,"comment_status":"closed","ping_status":"closed","template":"","meta":{"footnotes":""},"class_list":["post-5271","page","type-page","status-publish","hentry"],"_links":{"self":[{"href":"https:\/\/sassfrance.fr\/index.php\/wp-json\/wp\/v2\/pages\/5271","targetHints":{"allow":["GET"]}}],"collection":[{"href":"https:\/\/sassfrance.fr\/index.php\/wp-json\/wp\/v2\/pages"}],"about":[{"href":"https:\/\/sassfrance.fr\/index.php\/wp-json\/wp\/v2\/types\/page"}],"author":[{"embeddable":true,"href":"https:\/\/sassfrance.fr\/index.php\/wp-json\/wp\/v2\/users\/1"}],"replies":[{"embeddable":true,"href":"https:\/\/sassfrance.fr\/index.php\/wp-json\/wp\/v2\/comments?post=5271"}],"version-history":[{"count":11,"href":"https:\/\/sassfrance.fr\/index.php\/wp-json\/wp\/v2\/pages\/5271\/revisions"}],"predecessor-version":[{"id":5289,"href":"https:\/\/sassfrance.fr\/index.php\/wp-json\/wp\/v2\/pages\/5271\/revisions\/5289"}],"up":[{"embeddable":true,"href":"https:\/\/sassfrance.fr\/index.php\/wp-json\/wp\/v2\/pages\/3560"}],"wp:attachment":[{"href":"https:\/\/sassfrance.fr\/index.php\/wp-json\/wp\/v2\/media?parent=5271"}],"curies":[{"name":"wp","href":"https:\/\/api.w.org\/{rel}","templated":true}]}}